{"id":99,"date":"2020-11-28T09:59:09","date_gmt":"2020-11-28T09:59:09","guid":{"rendered":"https:\/\/productosdxn.dxnproductosnaturales.es\/?page_id=99"},"modified":"2023-05-14T01:00:00","modified_gmt":"2023-05-13T23:00:00","slug":"los-productos","status":"publish","type":"page","link":"https:\/\/dxnproductosnaturales.es\/productosdxn\/los-productos\/","title":{"rendered":"Los Productos"},"content":{"rendered":"\n<p>Los productos DXN juega un papel crucial en la nutrici\u00f3n en el apoyo a las defensas del cuerpo.<br>Muchas personas han dado testimonio de las mejoras y beneficios en su salud a trav\u00e9s del consumo de los productos.<\/p>\n\n\n\n<p>La primera pregunta es si el <a href=\"https:\/\/productosdxn.dxnproductosnaturales.es\/los-productos\/suplementos-alimenticios\/#gano\">ganoderma<\/a> es capaz de luchar contra cada enfermedad. La respuesta es s\u00ed porque es capaz de mantener la salud del hombre moderno.<\/p>\n\n\n\n<p>En resumen, el ganoderma y la espirulina son dos productos naturales que pueden ser una excelente adici\u00f3n a una alimentaci\u00f3n equilibrada y saludable. Incorporarlos en tu dieta diaria puede ayudarte a obtener sus posibles beneficios para la salud y mejorar tu bienestar general.<\/p>\n\n\n      <div id=\"post-grid-lazy-390\" class=\"post-grid-lazy\"><img decoding=\"async\" alt=\"\" src=\"\" \/><\/div>\n    <script>\n      jQuery('#post-grid-lazy-390').ready(function($) {\n        $('#post-grid-lazy-390').fadeOut();\n        $('#post-grid-390   ').fadeIn();\n      })\n    <\/script>\n    <style type=\"text\/css\">\n      #post-grid-390 {\n        display: none;\n      }\n\n      .post-grid-lazy {\n        text-align: center;\n      }\n    <\/style>\n    <div data-options='{&quot;id&quot;:&quot;390&quot;,&quot;lazy_load&quot;:&quot;yes&quot;,&quot;masonry_enable&quot;:&quot;no&quot;,&quot;view_type&quot;:&quot;grid&quot;}' id=\"post-grid-390\" class=\"post-grid grid\">\n    \n\n\n    <div class=\"grid-items\">\n      <div class=\"item item-118 skin flat even 0 \">\n        <div class=\"layer-wrapper layout-\">\n        <div class=\"layer-media\"><\/div>\n  <div class=\"layer-content\">\n        <div\r\n        class=\"element element_0  element-media \">\r\n        <a target=\"_self\" href=\"https:\/\/dxnproductosnaturales.es\/productosdxn\/los-productos\/suplementos-alimenticios\/\"><img decoding=\"async\" width=\"570\" height=\"400\" src=\"https:\/\/dxnproductosnaturales.es\/productosdxn\/wp-content\/uploads\/2020\/11\/supleali.jpg\" class=\"attachment-large size-large wp-post-image\" alt=\"Suplementos alimenticios\" \/><\/a>    <\/div>\r\n    <div class=\"element element_1  title_link \">\r\n                    <a target=\"\"\r\n                href=\"https:\/\/dxnproductosnaturales.es\/productosdxn\/los-productos\/suplementos-alimenticios\/\">Los Mejores Suplementos Alimenticios<\/a>\r\n            <\/div>\r\n    <div class=\"element element_2  excerpt \">\r\n        Los Suplementos alimenticios de DXN, entre ellos destacan el Ganoderma Lucidum, La Espirulina y el Cordyceps. Elaborados con materia prima            <\/div>\r\n            <a class=\"element element_3  read_more \"\r\n            target=\"\"\r\n            href=\"https:\/\/dxnproductosnaturales.es\/productosdxn\/los-productos\/suplementos-alimenticios\/\"><\/a>\r\n      <\/div>\n    <\/div>\n  <\/div><div class=\"item item-288 skin flat odd 1 \">\n        <div class=\"layer-wrapper layout-\">\n        <div class=\"layer-media\"><\/div>\n  <div class=\"layer-content\">\n        <div\r\n        class=\"element element_0  element-media \">\r\n        <a target=\"_self\" href=\"https:\/\/dxnproductosnaturales.es\/productosdxn\/los-productos\/alimentos-y-bebidas\/\"><img decoding=\"async\" width=\"570\" height=\"400\" src=\"https:\/\/dxnproductosnaturales.es\/productosdxn\/wp-content\/uploads\/2020\/11\/ali-bb.jpg\" class=\"attachment-large size-large wp-post-image\" alt=\"Alimentaci\u00f3n y Bebidas\" \/><\/a>    <\/div>\r\n    <div class=\"element element_1  title_link \">\r\n                    <a target=\"\"\r\n                href=\"https:\/\/dxnproductosnaturales.es\/productosdxn\/los-productos\/alimentos-y-bebidas\/\">Mejores Alimentos y Bebidas Nutricionales<\/a>\r\n            <\/div>\r\n    <div class=\"element element_2  excerpt \">\r\n        Disfruta del Caf\u00e9 Contiene antioxidantes, estimula el sistema nervioso central y el coraz\u00f3n.Esta compuesto por m\u00e1s de 1.000 sustancias distintas.Una            <\/div>\r\n            <a class=\"element element_3  read_more \"\r\n            target=\"\"\r\n            href=\"https:\/\/dxnproductosnaturales.es\/productosdxn\/los-productos\/alimentos-y-bebidas\/\"><\/a>\r\n      <\/div>\n    <\/div>\n  <\/div><div class=\"item item-1419 skin flat even 2 \">\n        <div class=\"layer-wrapper layout-\">\n        <div class=\"layer-media\"><\/div>\n  <div class=\"layer-content\">\n        <div\r\n        class=\"element element_0  element-media \">\r\n        <a target=\"_self\" href=\"https:\/\/dxnproductosnaturales.es\/productosdxn\/tienda-de-cafeteras\/\"><img decoding=\"async\" width=\"1024\" height=\"512\" src=\"https:\/\/dxnproductosnaturales.es\/productosdxn\/wp-content\/uploads\/2023\/04\/Cafeteras-DXN-1024x512.jpg\" class=\"attachment-large size-large wp-post-image\" alt=\"\" \/><\/a>    <\/div>\r\n    <div class=\"element element_1  title_link \">\r\n                    <a target=\"\"\r\n                href=\"https:\/\/dxnproductosnaturales.es\/productosdxn\/tienda-de-cafeteras\/\">Tienda Online de Cafeteras<\/a>\r\n            <\/div>\r\n    <div class=\"element element_2  excerpt \">\r\n        Cafeteras Monodosis Una cafetera monodosis es un tipo de cafetera que utiliza c\u00e1psulas o vainas individuales para preparar una taza            <\/div>\r\n            <a class=\"element element_3  read_more \"\r\n            target=\"\"\r\n            href=\"https:\/\/dxnproductosnaturales.es\/productosdxn\/tienda-de-cafeteras\/\"><\/a>\r\n      <\/div>\n    <\/div>\n  <\/div>    <\/div>\n    <div class=\"pagination\">\n      <div class=\"paginate\">\n      <\/div>\n  <style type=\"text\/css\">\n    #post-grid-390 .pagination .page-numbers {\n      font-size: 16px;\n      color: #fff;\n      background: #646464;\n    }\n\n    #post-grid-390 .pagination .page-numbers:hover,\n    #post-grid-390 .pagination .page-numbers.current {\n      background: #4b4b4b;\n    }\n  <\/style>\n  <\/div>\n      <script>\n          <\/script>\n    <style type=\"text\/css\">\n    #post-grid-390 .element_0 {\n      display: block;font-size: 21px;line-height: normal;padding: 5px 10px;text-align: left; text-decoration: none;    }\n\n    #post-grid-390 .element_1 {\n      display: block;font-size: 21px;line-height: normal;padding: 5px 10px;text-align: left; text-decoration: none;    }\n\n    #post-grid-390 .element_2 {\n      display: block;font-size: 14px;padding: 5px 10px;text-align: left;    }\n\n    #post-grid-390 .element_3 {\n      display: block;font-size: 12px;font-weight: bold;padding: 0 10px;text-align: left;text-decoration: none;    }\n\n    #post-grid-390 .element_0:hover{}#post-grid-390 .element_1:hover{}#post-grid-390 .element_2:hover{}#post-grid-390 .element_3:hover{}  <\/style>\n  <style type=\"text\/css\">\n    #post-grid-390 {\n      padding: 10px;\n          }\n\n    #post-grid-390 .item {\n      padding: 0px;\n      background: #fff;\n          }\n\n    #post-grid-390 .item .layer-media {\n      height:auto;    }\n\n    @media only screen and (min-width: 0px) and (max-width: 767px) {\n      #post-grid-390 .grid-items {\n        text-align: center;\n              }\n\n      #post-grid-390 .item {\n        width: 90%;\n        margin: 10px;\n        display: inline-block;\n        vertical-align: top;\n        height:auto;      }\n    }\n\n    @media only screen and (min-width: 768px) and (max-width: 1023px) {\n      #post-grid-390 .grid-items {\n        text-align: center;\n              }\n\n      #post-grid-390 .item {\n        width: 280px;\n        margin: 10px;\n        display: inline-block;\n        vertical-align: top;\n        max-height:auto;      }\n    }\n\n    @media only screen and (min-width: 1024px) {\n      #post-grid-390 .grid-items {\n        text-align: center;\n              }\n\n      #post-grid-390 .item {\n        width: 512px;\n        display: inline-block;\n        margin: 10px;\n        vertical-align: top;\n        height:auto;      }\n    }\n\n      <\/style>\n  <\/div>\n\n","protected":false},"excerpt":{"rendered":"<p>Los productos DXN juega un papel crucial en la nutrici\u00f3n en el <a class=\"entry-read-more\" href=\"https:\/\/dxnproductosnaturales.es\/productosdxn\/los-productos\/suplementos-alimenticios\/\">Leer m\u00e1s<\/a><\/p>\n","protected":false},"author":1,"featured_media":64,"parent":0,"menu_order":2,"comment_status":"closed","ping_status":"closed","template":"","meta":{"footnotes":""},"class_list":["post-99","page","type-page","status-publish","has-post-thumbnail","hentry"],"yoast_head":"<!-- This site is optimized with the Yoast SEO plugin v27.5 - https:\/\/yoast.com\/product\/yoast-seo-wordpress\/ -->\n<title>Los productos DXN - BENEFICIOS PARA TU SALUD<\/title>\n<meta name=\"description\" content=\"Los productos DXN, se han dado testimonio de las mejoras y \u2705 beneficios en su salud a trav\u00e9s del consumo de los productos.\" \/>\n<meta name=\"robots\" content=\"index, follow, max-snippet:-1, max-image-preview:large, max-video-preview:-1\" \/>\n<link rel=\"canonical\" href=\"https:\/\/dxnproductosnaturales.es\/productosdxn\/los-productos\/\" \/>\n<meta property=\"og:locale\" content=\"es_ES\" \/>\n<meta property=\"og:type\" content=\"article\" \/>\n<meta property=\"og:title\" content=\"Los productos DXN - BENEFICIOS PARA TU SALUD\" \/>\n<meta property=\"og:description\" content=\"Los productos DXN, se han dado testimonio de las mejoras y \u2705 beneficios en su salud a trav\u00e9s del consumo de los productos.\" \/>\n<meta property=\"og:url\" content=\"https:\/\/dxnproductosnaturales.es\/productosdxn\/los-productos\/\" \/>\n<meta property=\"og:site_name\" content=\"SUPLEMENTOS ALIMENTICIOS DXN\" \/>\n<meta property=\"article:modified_time\" content=\"2023-05-13T23:00:00+00:00\" \/>\n<meta property=\"og:image\" content=\"https:\/\/dxnproductosnaturales.es\/productosdxn\/wp-content\/uploads\/2020\/11\/productos-dxn-wordpress.jpg\" \/>\n\t<meta property=\"og:image:width\" content=\"1050\" \/>\n\t<meta property=\"og:image:height\" content=\"400\" \/>\n\t<meta property=\"og:image:type\" content=\"image\/jpeg\" \/>\n<meta name=\"twitter:card\" content=\"summary_large_image\" \/>\n<meta name=\"twitter:label1\" content=\"Tiempo de lectura\" \/>\n\t<meta name=\"twitter:data1\" content=\"1 minuto\" \/>\n<script type=\"application\/ld+json\" class=\"yoast-schema-graph\">{\"@context\":\"https:\\\/\\\/schema.org\",\"@graph\":[{\"@type\":\"WebPage\",\"@id\":\"https:\\\/\\\/dxnproductosnaturales.es\\\/productosdxn\\\/los-productos\\\/\",\"url\":\"https:\\\/\\\/dxnproductosnaturales.es\\\/productosdxn\\\/los-productos\\\/\",\"name\":\"Los productos DXN - BENEFICIOS PARA TU SALUD\",\"isPartOf\":{\"@id\":\"https:\\\/\\\/dxnproductosnaturales.es\\\/productosdxn\\\/#website\"},\"primaryImageOfPage\":{\"@id\":\"https:\\\/\\\/dxnproductosnaturales.es\\\/productosdxn\\\/los-productos\\\/#primaryimage\"},\"image\":{\"@id\":\"https:\\\/\\\/dxnproductosnaturales.es\\\/productosdxn\\\/los-productos\\\/#primaryimage\"},\"thumbnailUrl\":\"https:\\\/\\\/dxnproductosnaturales.es\\\/productosdxn\\\/wp-content\\\/uploads\\\/2020\\\/11\\\/productos-dxn-wordpress.jpg\",\"datePublished\":\"2020-11-28T09:59:09+00:00\",\"dateModified\":\"2023-05-13T23:00:00+00:00\",\"description\":\"Los productos DXN, se han dado testimonio de las mejoras y \u2705 beneficios en su salud a trav\u00e9s del consumo de los productos.\",\"breadcrumb\":{\"@id\":\"https:\\\/\\\/dxnproductosnaturales.es\\\/productosdxn\\\/los-productos\\\/#breadcrumb\"},\"inLanguage\":\"es\",\"potentialAction\":[{\"@type\":\"ReadAction\",\"target\":[\"https:\\\/\\\/dxnproductosnaturales.es\\\/productosdxn\\\/los-productos\\\/\"]}]},{\"@type\":\"ImageObject\",\"inLanguage\":\"es\",\"@id\":\"https:\\\/\\\/dxnproductosnaturales.es\\\/productosdxn\\\/los-productos\\\/#primaryimage\",\"url\":\"https:\\\/\\\/dxnproductosnaturales.es\\\/productosdxn\\\/wp-content\\\/uploads\\\/2020\\\/11\\\/productos-dxn-wordpress.jpg\",\"contentUrl\":\"https:\\\/\\\/dxnproductosnaturales.es\\\/productosdxn\\\/wp-content\\\/uploads\\\/2020\\\/11\\\/productos-dxn-wordpress.jpg\",\"width\":1050,\"height\":400},{\"@type\":\"BreadcrumbList\",\"@id\":\"https:\\\/\\\/dxnproductosnaturales.es\\\/productosdxn\\\/los-productos\\\/#breadcrumb\",\"itemListElement\":[{\"@type\":\"ListItem\",\"position\":1,\"name\":\"Portada\",\"item\":\"https:\\\/\\\/dxnproductosnaturales.es\\\/productosdxn\\\/\"},{\"@type\":\"ListItem\",\"position\":2,\"name\":\"Los Productos\"}]},{\"@type\":\"WebSite\",\"@id\":\"https:\\\/\\\/dxnproductosnaturales.es\\\/productosdxn\\\/#website\",\"url\":\"https:\\\/\\\/dxnproductosnaturales.es\\\/productosdxn\\\/\",\"name\":\"SUPLEMENTOS ALIMENTICIOS DXN\",\"description\":\"Blog, Dxn productos y beneficios\",\"publisher\":{\"@id\":\"https:\\\/\\\/dxnproductosnaturales.es\\\/productosdxn\\\/#\\\/schema\\\/person\\\/9af006c950573994dd6d85c906e2e767\"},\"potentialAction\":[{\"@type\":\"SearchAction\",\"target\":{\"@type\":\"EntryPoint\",\"urlTemplate\":\"https:\\\/\\\/dxnproductosnaturales.es\\\/productosdxn\\\/?s={search_term_string}\"},\"query-input\":{\"@type\":\"PropertyValueSpecification\",\"valueRequired\":true,\"valueName\":\"search_term_string\"}}],\"inLanguage\":\"es\"},{\"@type\":[\"Person\",\"Organization\"],\"@id\":\"https:\\\/\\\/dxnproductosnaturales.es\\\/productosdxn\\\/#\\\/schema\\\/person\\\/9af006c950573994dd6d85c906e2e767\",\"name\":\"admin\",\"image\":{\"@type\":\"ImageObject\",\"inLanguage\":\"es\",\"@id\":\"https:\\\/\\\/dxnproductosnaturales.es\\\/productosdxn\\\/wp-content\\\/uploads\\\/2020\\\/12\\\/icono-web.jpg\",\"url\":\"https:\\\/\\\/dxnproductosnaturales.es\\\/productosdxn\\\/wp-content\\\/uploads\\\/2020\\\/12\\\/icono-web.jpg\",\"contentUrl\":\"https:\\\/\\\/dxnproductosnaturales.es\\\/productosdxn\\\/wp-content\\\/uploads\\\/2020\\\/12\\\/icono-web.jpg\",\"width\":32,\"height\":32,\"caption\":\"admin\"},\"logo\":{\"@id\":\"https:\\\/\\\/dxnproductosnaturales.es\\\/productosdxn\\\/wp-content\\\/uploads\\\/2020\\\/12\\\/icono-web.jpg\"}}]}<\/script>\n<!-- \/ Yoast SEO plugin. -->","yoast_head_json":{"title":"Los productos DXN - BENEFICIOS PARA TU SALUD","description":"Los productos DXN, se han dado testimonio de las mejoras y \u2705 beneficios en su salud a trav\u00e9s del consumo de los productos.","robots":{"index":"index","follow":"follow","max-snippet":"max-snippet:-1","max-image-preview":"max-image-preview:large","max-video-preview":"max-video-preview:-1"},"canonical":"https:\/\/dxnproductosnaturales.es\/productosdxn\/los-productos\/","og_locale":"es_ES","og_type":"article","og_title":"Los productos DXN - BENEFICIOS PARA TU SALUD","og_description":"Los productos DXN, se han dado testimonio de las mejoras y \u2705 beneficios en su salud a trav\u00e9s del consumo de los productos.","og_url":"https:\/\/dxnproductosnaturales.es\/productosdxn\/los-productos\/","og_site_name":"SUPLEMENTOS ALIMENTICIOS DXN","article_modified_time":"2023-05-13T23:00:00+00:00","og_image":[{"width":1050,"height":400,"url":"https:\/\/dxnproductosnaturales.es\/productosdxn\/wp-content\/uploads\/2020\/11\/productos-dxn-wordpress.jpg","type":"image\/jpeg"}],"twitter_card":"summary_large_image","twitter_misc":{"Tiempo de lectura":"1 minuto"},"schema":{"@context":"https:\/\/schema.org","@graph":[{"@type":"WebPage","@id":"https:\/\/dxnproductosnaturales.es\/productosdxn\/los-productos\/","url":"https:\/\/dxnproductosnaturales.es\/productosdxn\/los-productos\/","name":"Los productos DXN - BENEFICIOS PARA TU SALUD","isPartOf":{"@id":"https:\/\/dxnproductosnaturales.es\/productosdxn\/#website"},"primaryImageOfPage":{"@id":"https:\/\/dxnproductosnaturales.es\/productosdxn\/los-productos\/#primaryimage"},"image":{"@id":"https:\/\/dxnproductosnaturales.es\/productosdxn\/los-productos\/#primaryimage"},"thumbnailUrl":"https:\/\/dxnproductosnaturales.es\/productosdxn\/wp-content\/uploads\/2020\/11\/productos-dxn-wordpress.jpg","datePublished":"2020-11-28T09:59:09+00:00","dateModified":"2023-05-13T23:00:00+00:00","description":"Los productos DXN, se han dado testimonio de las mejoras y \u2705 beneficios en su salud a trav\u00e9s del consumo de los productos.","breadcrumb":{"@id":"https:\/\/dxnproductosnaturales.es\/productosdxn\/los-productos\/#breadcrumb"},"inLanguage":"es","potentialAction":[{"@type":"ReadAction","target":["https:\/\/dxnproductosnaturales.es\/productosdxn\/los-productos\/"]}]},{"@type":"ImageObject","inLanguage":"es","@id":"https:\/\/dxnproductosnaturales.es\/productosdxn\/los-productos\/#primaryimage","url":"https:\/\/dxnproductosnaturales.es\/productosdxn\/wp-content\/uploads\/2020\/11\/productos-dxn-wordpress.jpg","contentUrl":"https:\/\/dxnproductosnaturales.es\/productosdxn\/wp-content\/uploads\/2020\/11\/productos-dxn-wordpress.jpg","width":1050,"height":400},{"@type":"BreadcrumbList","@id":"https:\/\/dxnproductosnaturales.es\/productosdxn\/los-productos\/#breadcrumb","itemListElement":[{"@type":"ListItem","position":1,"name":"Portada","item":"https:\/\/dxnproductosnaturales.es\/productosdxn\/"},{"@type":"ListItem","position":2,"name":"Los Productos"}]},{"@type":"WebSite","@id":"https:\/\/dxnproductosnaturales.es\/productosdxn\/#website","url":"https:\/\/dxnproductosnaturales.es\/productosdxn\/","name":"SUPLEMENTOS ALIMENTICIOS DXN","description":"Blog, Dxn productos y beneficios","publisher":{"@id":"https:\/\/dxnproductosnaturales.es\/productosdxn\/#\/schema\/person\/9af006c950573994dd6d85c906e2e767"},"potentialAction":[{"@type":"SearchAction","target":{"@type":"EntryPoint","urlTemplate":"https:\/\/dxnproductosnaturales.es\/productosdxn\/?s={search_term_string}"},"query-input":{"@type":"PropertyValueSpecification","valueRequired":true,"valueName":"search_term_string"}}],"inLanguage":"es"},{"@type":["Person","Organization"],"@id":"https:\/\/dxnproductosnaturales.es\/productosdxn\/#\/schema\/person\/9af006c950573994dd6d85c906e2e767","name":"admin","image":{"@type":"ImageObject","inLanguage":"es","@id":"https:\/\/dxnproductosnaturales.es\/productosdxn\/wp-content\/uploads\/2020\/12\/icono-web.jpg","url":"https:\/\/dxnproductosnaturales.es\/productosdxn\/wp-content\/uploads\/2020\/12\/icono-web.jpg","contentUrl":"https:\/\/dxnproductosnaturales.es\/productosdxn\/wp-content\/uploads\/2020\/12\/icono-web.jpg","width":32,"height":32,"caption":"admin"},"logo":{"@id":"https:\/\/dxnproductosnaturales.es\/productosdxn\/wp-content\/uploads\/2020\/12\/icono-web.jpg"}}]}},"_links":{"self":[{"href":"https:\/\/dxnproductosnaturales.es\/productosdxn\/wp-json\/wp\/v2\/pages\/99","targetHints":{"allow":["GET"]}}],"collection":[{"href":"https:\/\/dxnproductosnaturales.es\/productosdxn\/wp-json\/wp\/v2\/pages"}],"about":[{"href":"https:\/\/dxnproductosnaturales.es\/productosdxn\/wp-json\/wp\/v2\/types\/page"}],"author":[{"embeddable":true,"href":"https:\/\/dxnproductosnaturales.es\/productosdxn\/wp-json\/wp\/v2\/users\/1"}],"replies":[{"embeddable":true,"href":"https:\/\/dxnproductosnaturales.es\/productosdxn\/wp-json\/wp\/v2\/comments?post=99"}],"version-history":[{"count":0,"href":"https:\/\/dxnproductosnaturales.es\/productosdxn\/wp-json\/wp\/v2\/pages\/99\/revisions"}],"wp:featuredmedia":[{"embeddable":true,"href":"https:\/\/dxnproductosnaturales.es\/productosdxn\/wp-json\/wp\/v2\/media\/64"}],"wp:attachment":[{"href":"https:\/\/dxnproductosnaturales.es\/productosdxn\/wp-json\/wp\/v2\/media?parent=99"}],"curies":[{"name":"wp","href":"https:\/\/api.w.org\/{rel}","templated":true}]}}