{"id":1572,"date":"2023-05-14T00:33:56","date_gmt":"2023-05-13T22:33:56","guid":{"rendered":"https:\/\/dxnproductosnaturales.es\/productosdxn\/?page_id=1572"},"modified":"2023-05-20T21:57:42","modified_gmt":"2023-05-20T19:57:42","slug":"cafeteras-monodosis-philips","status":"publish","type":"page","link":"https:\/\/dxnproductosnaturales.es\/productosdxn\/cafeteras-monodosis-philips\/","title":{"rendered":"Cafeteras Monodosis Philips"},"content":{"rendered":"\n<p>Las cafeteras monodosis Philips son una opci\u00f3n popular y conveniente para los amantes del caf\u00e9. Estas cafeteras est\u00e1n dise\u00f1adas para utilizar c\u00e1psulas individuales, lo que garantiza una preparaci\u00f3n r\u00e1pida y sencilla de una taza de caf\u00e9 perfectamente medida. Su dise\u00f1o compacto las hace ideales para espacios peque\u00f1os como oficinas o cocinas con limitaciones de espacio.<\/p>\n\n\n\n<p id=\"nofollow\">Las <a href=\"https:\/\/amzn.to\/3Mr87mi\" target=\"_blank\" rel=\"noreferrer noopener nofollow\">cafeteras monodosis Philips<\/a> ofrecen una tecnolog\u00eda de preparaci\u00f3n garantiza una extracci\u00f3n \u00f3ptima de los aromas y sabores del caf\u00e9, brindando una experiencia de degustaci\u00f3n excepcional en cada taza. Adem\u00e1s, estas cafeteras suelen contar con caracter\u00edsticas como ajustes de intensidad del caf\u00e9, opciones de tama\u00f1o de taza y apagado autom\u00e1tico para mayor comodidad y eficiencia energ\u00e9tica.<\/p>\n\n\n\n<p>La calidad y durabilidad son caracter\u00edsticas destacadas de las<strong> cafeteras monodosis Philips<\/strong>, ya que est\u00e1n fabricadas con materiales resistentes y de alta calidad. Su mantenimiento es sencillo, con partes desmontables que se pueden lavar f\u00e1cilmente. En resumen, las cafeteras monodosis Philips son una excelente elecci\u00f3n para los amantes del caf\u00e9 que buscan comodidad, versatilidad y calidad en cada taza.<\/p>\n\n\n\n<div class=\"wp-block-columns alignwide are-vertically-aligned-center is-layout-flex wp-container-core-columns-is-layout-9d6595d7 wp-block-columns-is-layout-flex\">\n<div class=\"wp-block-column is-vertically-aligned-center is-layout-flow wp-block-column-is-layout-flow\" style=\"flex-basis:33%\"><div class=\"wp-block-image\">\n<figure class=\"aligncenter size-full is-resized\"><a href=\"https:\/\/dxnproductosnaturales.es\/productosdxn\/wp-content\/uploads\/2023\/05\/cafetera-monodosis.jpg\"><img decoding=\"async\" src=\"https:\/\/dxnproductosnaturales.es\/productosdxn\/wp-content\/uploads\/2023\/05\/cafetera-monodosis.jpg\" alt=\"\" class=\"wp-image-1699\" width=\"177\" height=\"191\" srcset=\"https:\/\/dxnproductosnaturales.es\/productosdxn\/wp-content\/uploads\/2023\/05\/cafetera-monodosis.jpg 522w, https:\/\/dxnproductosnaturales.es\/productosdxn\/wp-content\/uploads\/2023\/05\/cafetera-monodosis-278x300.jpg 278w, https:\/\/dxnproductosnaturales.es\/productosdxn\/wp-content\/uploads\/2023\/05\/cafetera-monodosis-333x360.jpg 333w\" sizes=\"(max-width: 177px) 100vw, 177px\" \/><\/a><\/figure>\n<\/div>\n\n\n<h3 class=\"wp-block-heading has-text-align-left has-vivid-cyan-blue-color has-text-color has-medium-font-size\">Philips cafetera el\u00e9ctrica<\/h3>\n\n\n\n<p class=\"has-small-font-size\"><strong>Marca<\/strong>: Philips Domestic Appliances<br><strong>Capacidad<\/strong>: 0.7 Litros<br><strong>Color<\/strong>: Negro<br><strong>Dimensiones del producto<\/strong>: 21.3P. x 31.5W x 33H cent\u00edmetros<br><strong>Funci\u00f3n especial<\/strong>: Dep\u00f3sito extra\u00edble<br><strong>Tipo de cafetera<\/strong>: Cafetera de espresso<br><strong>Tipo de filtro<\/strong>: Reutilizable<br><br><\/p>\n\n\n\n<div class=\"wp-block-buttons is-content-justification-left is-layout-flex wp-container-core-buttons-is-layout-fdcfc74e wp-block-buttons-is-layout-flex\">\n<div class=\"wp-block-button has-custom-width wp-block-button__width-75 has-custom-font-size has-small-font-size\"><a class=\"wp-block-button__link has-white-color has-luminous-vivid-orange-background-color has-text-color has-background wp-element-button\" href=\"https:\/\/amzn.to\/3MEzcEb\" style=\"border-radius:17px\" target=\"_blank\" rel=\"nofollow noopener\">Ver Oferta<\/a><\/div>\n<\/div>\n<\/div>\n\n\n\n<div class=\"wp-block-column is-vertically-aligned-center is-layout-flow wp-block-column-is-layout-flow\" style=\"flex-basis:33.3%\"><div class=\"wp-block-image is-style-default\">\n<figure class=\"aligncenter size-full is-resized\"><a href=\"https:\/\/dxnproductosnaturales.es\/productosdxn\/wp-content\/uploads\/2023\/05\/cafetera2.jpg\"><img decoding=\"async\" src=\"https:\/\/dxnproductosnaturales.es\/productosdxn\/wp-content\/uploads\/2023\/05\/cafetera2.jpg\" alt=\"\" class=\"wp-image-1492\" width=\"177\" height=\"191\"\/><\/a><\/figure>\n<\/div>\n\n\n<h3 class=\"wp-block-heading has-text-align-left has-vivid-cyan-blue-color has-text-color has-medium-font-size\">Philips Senseo Select ECO<\/h3>\n\n\n\n<p class=\"has-small-font-size\"><strong>Marca<\/strong>: Philips Domestic Appliances<br><strong>Capacidad<\/strong>: 0.9 Litros<br><strong>Color<\/strong>: Negro Eco<br><strong>Dimensiones del producto<\/strong>: 15.5P. x 31W x 31H cent\u00edmetros<br><strong>Tipo de cafetera<\/strong>: Cafetera de espresso<br><strong>Tipo de filtro<\/strong>: Metal<br><strong>Estilo<\/strong>: Single<br><strong>Usos espec\u00edficos del producto<\/strong>: Temporizador, Cup_Warm<\/p>\n\n\n\n<div class=\"wp-block-buttons is-content-justification-left is-layout-flex wp-container-core-buttons-is-layout-fdcfc74e wp-block-buttons-is-layout-flex\">\n<div class=\"wp-block-button has-custom-width wp-block-button__width-75 has-custom-font-size has-small-font-size\"><a class=\"wp-block-button__link has-white-color has-luminous-vivid-orange-background-color has-text-color has-background wp-element-button\" href=\"https:\/\/amzn.to\/429Utuj\" style=\"border-radius:17px\" target=\"_blank\" rel=\"nofollow noopener\">Ver Oferta<\/a><\/div>\n<\/div>\n<\/div>\n\n\n\n<div class=\"wp-block-column is-vertically-aligned-center is-layout-flow wp-block-column-is-layout-flow\" style=\"flex-basis:33.3%\"><div class=\"wp-block-image\">\n<figure class=\"aligncenter size-full is-resized\"><a href=\"https:\/\/dxnproductosnaturales.es\/productosdxn\/wp-content\/uploads\/2023\/05\/cafetera3.jpg\"><img decoding=\"async\" src=\"https:\/\/dxnproductosnaturales.es\/productosdxn\/wp-content\/uploads\/2023\/05\/cafetera3.jpg\" alt=\"\" class=\"wp-image-1512\" width=\"161\" height=\"191\"\/><\/a><\/figure>\n<\/div>\n\n\n<h3 class=\"wp-block-heading has-text-align-left has-vivid-cyan-blue-color has-text-color has-medium-font-size\">Philips Appliances L&#8217;Or<\/h3>\n\n\n\n<p class=\"has-small-font-size\"><strong>Marca<\/strong>: Philips Domestic Appliances<br><strong>Capacidad<\/strong>: 1 Litros<br><strong>Color<\/strong>: Negro<br><strong>Dimensiones del producto<\/strong>: 7.1P. x 15.8W x 11H cent\u00edmetros<br><strong>Funci\u00f3n especial<\/strong>: manual<br><strong>Tipo de cafetera<\/strong>: Cafetera de espresso<br><strong>Material<\/strong>: Pl\u00e1stico<br><strong>Tipo de filtro<\/strong>: Metal<br><strong>Estilo<\/strong>: Original<\/p>\n\n\n\n<div class=\"wp-block-buttons is-content-justification-left is-layout-flex wp-container-core-buttons-is-layout-fdcfc74e wp-block-buttons-is-layout-flex\">\n<div class=\"wp-block-button has-custom-width wp-block-button__width-75 has-custom-font-size has-small-font-size\"><a class=\"wp-block-button__link has-white-color has-luminous-vivid-orange-background-color has-text-color has-background wp-element-button\" href=\"https:\/\/amzn.to\/3p0Rw0C\" style=\"border-radius:17px\" target=\"_blank\" rel=\"nofollow noopener\">Ver Oferta<\/a><\/div>\n<\/div>\n<\/div>\n<\/div>\n","protected":false},"excerpt":{"rendered":"<p>Las cafeteras monodosis Philips son una opci\u00f3n popular y conveniente para los <a class=\"entry-read-more\" href=\"https:\/\/dxnproductosnaturales.es\/productosdxn\/cafeteras-monodosis-philips\/\">Leer m\u00e1s<\/a><\/p>\n","protected":false},"author":1,"featured_media":552,"parent":0,"menu_order":11,"comment_status":"closed","ping_status":"closed","template":"","meta":{"footnotes":""},"class_list":["post-1572","page","type-page","status-publish","has-post-thumbnail","hentry"],"yoast_head":"<!-- This site is optimized with the Yoast SEO plugin v27.5 - https:\/\/yoast.com\/product\/yoast-seo-wordpress\/ -->\n<title>Cafeteras Monodosis Philips<\/title>\n<meta name=\"description\" content=\"Las cafeteras monodosis Philips ofrecen una tecnolog\u00eda de preparaci\u00f3n garantiza una extracci\u00f3n \u00f3ptima de los aromas y sabores del caf\u00e9\" \/>\n<meta name=\"robots\" content=\"index, follow, max-snippet:-1, max-image-preview:large, max-video-preview:-1\" \/>\n<link rel=\"canonical\" href=\"https:\/\/dxnproductosnaturales.es\/productosdxn\/cafeteras-monodosis-philips\/\" \/>\n<meta property=\"og:locale\" content=\"es_ES\" \/>\n<meta property=\"og:type\" content=\"article\" \/>\n<meta property=\"og:title\" content=\"Cafeteras Monodosis Philips\" \/>\n<meta property=\"og:description\" content=\"Las cafeteras monodosis Philips ofrecen una tecnolog\u00eda de preparaci\u00f3n garantiza una extracci\u00f3n \u00f3ptima de los aromas y sabores del caf\u00e9\" \/>\n<meta property=\"og:url\" content=\"https:\/\/dxnproductosnaturales.es\/productosdxn\/cafeteras-monodosis-philips\/\" \/>\n<meta property=\"og:site_name\" content=\"SUPLEMENTOS ALIMENTICIOS DXN\" \/>\n<meta property=\"article:modified_time\" content=\"2023-05-20T19:57:42+00:00\" \/>\n<meta property=\"og:image\" content=\"https:\/\/dxnproductosnaturales.es\/productosdxn\/wp-content\/uploads\/2020\/12\/cafetera-dxn.jpg\" \/>\n\t<meta property=\"og:image:width\" content=\"1024\" \/>\n\t<meta property=\"og:image:height\" content=\"500\" \/>\n\t<meta property=\"og:image:type\" content=\"image\/jpeg\" \/>\n<meta name=\"twitter:card\" content=\"summary_large_image\" \/>\n<meta name=\"twitter:label1\" content=\"Tiempo de lectura\" \/>\n\t<meta name=\"twitter:data1\" content=\"2 minutos\" \/>\n<script type=\"application\/ld+json\" class=\"yoast-schema-graph\">{\"@context\":\"https:\\\/\\\/schema.org\",\"@graph\":[{\"@type\":\"WebPage\",\"@id\":\"https:\\\/\\\/dxnproductosnaturales.es\\\/productosdxn\\\/cafeteras-monodosis-philips\\\/\",\"url\":\"https:\\\/\\\/dxnproductosnaturales.es\\\/productosdxn\\\/cafeteras-monodosis-philips\\\/\",\"name\":\"Cafeteras Monodosis Philips\",\"isPartOf\":{\"@id\":\"https:\\\/\\\/dxnproductosnaturales.es\\\/productosdxn\\\/#website\"},\"primaryImageOfPage\":{\"@id\":\"https:\\\/\\\/dxnproductosnaturales.es\\\/productosdxn\\\/cafeteras-monodosis-philips\\\/#primaryimage\"},\"image\":{\"@id\":\"https:\\\/\\\/dxnproductosnaturales.es\\\/productosdxn\\\/cafeteras-monodosis-philips\\\/#primaryimage\"},\"thumbnailUrl\":\"https:\\\/\\\/dxnproductosnaturales.es\\\/productosdxn\\\/wp-content\\\/uploads\\\/2020\\\/12\\\/cafetera-dxn.jpg\",\"datePublished\":\"2023-05-13T22:33:56+00:00\",\"dateModified\":\"2023-05-20T19:57:42+00:00\",\"description\":\"Las cafeteras monodosis Philips ofrecen una tecnolog\u00eda de preparaci\u00f3n garantiza una extracci\u00f3n \u00f3ptima de los aromas y sabores del caf\u00e9\",\"breadcrumb\":{\"@id\":\"https:\\\/\\\/dxnproductosnaturales.es\\\/productosdxn\\\/cafeteras-monodosis-philips\\\/#breadcrumb\"},\"inLanguage\":\"es\",\"potentialAction\":[{\"@type\":\"ReadAction\",\"target\":[\"https:\\\/\\\/dxnproductosnaturales.es\\\/productosdxn\\\/cafeteras-monodosis-philips\\\/\"]}]},{\"@type\":\"ImageObject\",\"inLanguage\":\"es\",\"@id\":\"https:\\\/\\\/dxnproductosnaturales.es\\\/productosdxn\\\/cafeteras-monodosis-philips\\\/#primaryimage\",\"url\":\"https:\\\/\\\/dxnproductosnaturales.es\\\/productosdxn\\\/wp-content\\\/uploads\\\/2020\\\/12\\\/cafetera-dxn.jpg\",\"contentUrl\":\"https:\\\/\\\/dxnproductosnaturales.es\\\/productosdxn\\\/wp-content\\\/uploads\\\/2020\\\/12\\\/cafetera-dxn.jpg\",\"width\":1024,\"height\":500,\"caption\":\"cafetera dxn\"},{\"@type\":\"BreadcrumbList\",\"@id\":\"https:\\\/\\\/dxnproductosnaturales.es\\\/productosdxn\\\/cafeteras-monodosis-philips\\\/#breadcrumb\",\"itemListElement\":[{\"@type\":\"ListItem\",\"position\":1,\"name\":\"Portada\",\"item\":\"https:\\\/\\\/dxnproductosnaturales.es\\\/productosdxn\\\/\"},{\"@type\":\"ListItem\",\"position\":2,\"name\":\"Cafeteras Monodosis Philips\"}]},{\"@type\":\"WebSite\",\"@id\":\"https:\\\/\\\/dxnproductosnaturales.es\\\/productosdxn\\\/#website\",\"url\":\"https:\\\/\\\/dxnproductosnaturales.es\\\/productosdxn\\\/\",\"name\":\"SUPLEMENTOS ALIMENTICIOS DXN\",\"description\":\"Blog, Dxn productos y beneficios\",\"publisher\":{\"@id\":\"https:\\\/\\\/dxnproductosnaturales.es\\\/productosdxn\\\/#\\\/schema\\\/person\\\/9af006c950573994dd6d85c906e2e767\"},\"potentialAction\":[{\"@type\":\"SearchAction\",\"target\":{\"@type\":\"EntryPoint\",\"urlTemplate\":\"https:\\\/\\\/dxnproductosnaturales.es\\\/productosdxn\\\/?s={search_term_string}\"},\"query-input\":{\"@type\":\"PropertyValueSpecification\",\"valueRequired\":true,\"valueName\":\"search_term_string\"}}],\"inLanguage\":\"es\"},{\"@type\":[\"Person\",\"Organization\"],\"@id\":\"https:\\\/\\\/dxnproductosnaturales.es\\\/productosdxn\\\/#\\\/schema\\\/person\\\/9af006c950573994dd6d85c906e2e767\",\"name\":\"admin\",\"image\":{\"@type\":\"ImageObject\",\"inLanguage\":\"es\",\"@id\":\"https:\\\/\\\/dxnproductosnaturales.es\\\/productosdxn\\\/wp-content\\\/uploads\\\/2020\\\/12\\\/icono-web.jpg\",\"url\":\"https:\\\/\\\/dxnproductosnaturales.es\\\/productosdxn\\\/wp-content\\\/uploads\\\/2020\\\/12\\\/icono-web.jpg\",\"contentUrl\":\"https:\\\/\\\/dxnproductosnaturales.es\\\/productosdxn\\\/wp-content\\\/uploads\\\/2020\\\/12\\\/icono-web.jpg\",\"width\":32,\"height\":32,\"caption\":\"admin\"},\"logo\":{\"@id\":\"https:\\\/\\\/dxnproductosnaturales.es\\\/productosdxn\\\/wp-content\\\/uploads\\\/2020\\\/12\\\/icono-web.jpg\"}}]}<\/script>\n<!-- \/ Yoast SEO plugin. -->","yoast_head_json":{"title":"Cafeteras Monodosis Philips","description":"Las cafeteras monodosis Philips ofrecen una tecnolog\u00eda de preparaci\u00f3n garantiza una extracci\u00f3n \u00f3ptima de los aromas y sabores del caf\u00e9","robots":{"index":"index","follow":"follow","max-snippet":"max-snippet:-1","max-image-preview":"max-image-preview:large","max-video-preview":"max-video-preview:-1"},"canonical":"https:\/\/dxnproductosnaturales.es\/productosdxn\/cafeteras-monodosis-philips\/","og_locale":"es_ES","og_type":"article","og_title":"Cafeteras Monodosis Philips","og_description":"Las cafeteras monodosis Philips ofrecen una tecnolog\u00eda de preparaci\u00f3n garantiza una extracci\u00f3n \u00f3ptima de los aromas y sabores del caf\u00e9","og_url":"https:\/\/dxnproductosnaturales.es\/productosdxn\/cafeteras-monodosis-philips\/","og_site_name":"SUPLEMENTOS ALIMENTICIOS DXN","article_modified_time":"2023-05-20T19:57:42+00:00","og_image":[{"width":1024,"height":500,"url":"https:\/\/dxnproductosnaturales.es\/productosdxn\/wp-content\/uploads\/2020\/12\/cafetera-dxn.jpg","type":"image\/jpeg"}],"twitter_card":"summary_large_image","twitter_misc":{"Tiempo de lectura":"2 minutos"},"schema":{"@context":"https:\/\/schema.org","@graph":[{"@type":"WebPage","@id":"https:\/\/dxnproductosnaturales.es\/productosdxn\/cafeteras-monodosis-philips\/","url":"https:\/\/dxnproductosnaturales.es\/productosdxn\/cafeteras-monodosis-philips\/","name":"Cafeteras Monodosis Philips","isPartOf":{"@id":"https:\/\/dxnproductosnaturales.es\/productosdxn\/#website"},"primaryImageOfPage":{"@id":"https:\/\/dxnproductosnaturales.es\/productosdxn\/cafeteras-monodosis-philips\/#primaryimage"},"image":{"@id":"https:\/\/dxnproductosnaturales.es\/productosdxn\/cafeteras-monodosis-philips\/#primaryimage"},"thumbnailUrl":"https:\/\/dxnproductosnaturales.es\/productosdxn\/wp-content\/uploads\/2020\/12\/cafetera-dxn.jpg","datePublished":"2023-05-13T22:33:56+00:00","dateModified":"2023-05-20T19:57:42+00:00","description":"Las cafeteras monodosis Philips ofrecen una tecnolog\u00eda de preparaci\u00f3n garantiza una extracci\u00f3n \u00f3ptima de los aromas y sabores del caf\u00e9","breadcrumb":{"@id":"https:\/\/dxnproductosnaturales.es\/productosdxn\/cafeteras-monodosis-philips\/#breadcrumb"},"inLanguage":"es","potentialAction":[{"@type":"ReadAction","target":["https:\/\/dxnproductosnaturales.es\/productosdxn\/cafeteras-monodosis-philips\/"]}]},{"@type":"ImageObject","inLanguage":"es","@id":"https:\/\/dxnproductosnaturales.es\/productosdxn\/cafeteras-monodosis-philips\/#primaryimage","url":"https:\/\/dxnproductosnaturales.es\/productosdxn\/wp-content\/uploads\/2020\/12\/cafetera-dxn.jpg","contentUrl":"https:\/\/dxnproductosnaturales.es\/productosdxn\/wp-content\/uploads\/2020\/12\/cafetera-dxn.jpg","width":1024,"height":500,"caption":"cafetera dxn"},{"@type":"BreadcrumbList","@id":"https:\/\/dxnproductosnaturales.es\/productosdxn\/cafeteras-monodosis-philips\/#breadcrumb","itemListElement":[{"@type":"ListItem","position":1,"name":"Portada","item":"https:\/\/dxnproductosnaturales.es\/productosdxn\/"},{"@type":"ListItem","position":2,"name":"Cafeteras Monodosis Philips"}]},{"@type":"WebSite","@id":"https:\/\/dxnproductosnaturales.es\/productosdxn\/#website","url":"https:\/\/dxnproductosnaturales.es\/productosdxn\/","name":"SUPLEMENTOS ALIMENTICIOS DXN","description":"Blog, Dxn productos y beneficios","publisher":{"@id":"https:\/\/dxnproductosnaturales.es\/productosdxn\/#\/schema\/person\/9af006c950573994dd6d85c906e2e767"},"potentialAction":[{"@type":"SearchAction","target":{"@type":"EntryPoint","urlTemplate":"https:\/\/dxnproductosnaturales.es\/productosdxn\/?s={search_term_string}"},"query-input":{"@type":"PropertyValueSpecification","valueRequired":true,"valueName":"search_term_string"}}],"inLanguage":"es"},{"@type":["Person","Organization"],"@id":"https:\/\/dxnproductosnaturales.es\/productosdxn\/#\/schema\/person\/9af006c950573994dd6d85c906e2e767","name":"admin","image":{"@type":"ImageObject","inLanguage":"es","@id":"https:\/\/dxnproductosnaturales.es\/productosdxn\/wp-content\/uploads\/2020\/12\/icono-web.jpg","url":"https:\/\/dxnproductosnaturales.es\/productosdxn\/wp-content\/uploads\/2020\/12\/icono-web.jpg","contentUrl":"https:\/\/dxnproductosnaturales.es\/productosdxn\/wp-content\/uploads\/2020\/12\/icono-web.jpg","width":32,"height":32,"caption":"admin"},"logo":{"@id":"https:\/\/dxnproductosnaturales.es\/productosdxn\/wp-content\/uploads\/2020\/12\/icono-web.jpg"}}]}},"_links":{"self":[{"href":"https:\/\/dxnproductosnaturales.es\/productosdxn\/wp-json\/wp\/v2\/pages\/1572","targetHints":{"allow":["GET"]}}],"collection":[{"href":"https:\/\/dxnproductosnaturales.es\/productosdxn\/wp-json\/wp\/v2\/pages"}],"about":[{"href":"https:\/\/dxnproductosnaturales.es\/productosdxn\/wp-json\/wp\/v2\/types\/page"}],"author":[{"embeddable":true,"href":"https:\/\/dxnproductosnaturales.es\/productosdxn\/wp-json\/wp\/v2\/users\/1"}],"replies":[{"embeddable":true,"href":"https:\/\/dxnproductosnaturales.es\/productosdxn\/wp-json\/wp\/v2\/comments?post=1572"}],"version-history":[{"count":0,"href":"https:\/\/dxnproductosnaturales.es\/productosdxn\/wp-json\/wp\/v2\/pages\/1572\/revisions"}],"wp:featuredmedia":[{"embeddable":true,"href":"https:\/\/dxnproductosnaturales.es\/productosdxn\/wp-json\/wp\/v2\/media\/552"}],"wp:attachment":[{"href":"https:\/\/dxnproductosnaturales.es\/productosdxn\/wp-json\/wp\/v2\/media?parent=1572"}],"curies":[{"name":"wp","href":"https:\/\/api.w.org\/{rel}","templated":true}]}}